{"id":11888,"date":"2025-01-27T09:13:21","date_gmt":"2025-01-27T08:13:21","guid":{"rendered":"https:\/\/www.coteauxdublanzacais.fr\/?page_id=11888"},"modified":"2025-01-27T09:18:56","modified_gmt":"2025-01-27T08:18:56","slug":"aides-pour-les-jeunes","status":"publish","type":"page","link":"https:\/\/www.coteauxdublanzacais.fr\/?page_id=11888","title":{"rendered":"Aides pour les jeunes"},"content":{"rendered":"\n<p><a href=\"https:\/\/finance-heros.notion.site\/Aides-pour-les-jeunes-25b8a70b1bb540a0bf8e7987efd9738f\" target=\"_blank\" rel=\"noreferrer noopener\">Aides financi\u00e8res disponibles pour les \u00e9l\u00e8ves et parents d\u2019enfants scolaris\u00e9s<\/a><\/p>\n","protected":false},"excerpt":{"rendered":"<p>Aides financi\u00e8res disponibles pour les \u00e9l\u00e8ves et parents d\u2019enfants scolaris\u00e9s<\/p>\n","protected":false},"author":4,"featured_media":0,"parent":0,"menu_order":0,"comment_status":"closed","ping_status":"closed","template":"","meta":{"ngg_post_thumbnail":0,"footnotes":""},"class_list":["post-11888","page","type-page","status-publish","hentry"],"_links":{"self":[{"href":"https:\/\/www.coteauxdublanzacais.fr\/index.php?rest_route=\/wp\/v2\/pages\/11888","targetHints":{"allow":["GET"]}}],"collection":[{"href":"https:\/\/www.coteauxdublanzacais.fr\/index.php?rest_route=\/wp\/v2\/pages"}],"about":[{"href":"https:\/\/www.coteauxdublanzacais.fr\/index.php?rest_route=\/wp\/v2\/types\/page"}],"author":[{"embeddable":true,"href":"https:\/\/www.coteauxdublanzacais.fr\/index.php?rest_route=\/wp\/v2\/users\/4"}],"replies":[{"embeddable":true,"href":"https:\/\/www.coteauxdublanzacais.fr\/index.php?rest_route=%2Fwp%2Fv2%2Fcomments&post=11888"}],"version-history":[{"count":2,"href":"https:\/\/www.coteauxdublanzacais.fr\/index.php?rest_route=\/wp\/v2\/pages\/11888\/revisions"}],"predecessor-version":[{"id":11891,"href":"https:\/\/www.coteauxdublanzacais.fr\/index.php?rest_route=\/wp\/v2\/pages\/11888\/revisions\/11891"}],"wp:attachment":[{"href":"https:\/\/www.coteauxdublanzacais.fr\/index.php?rest_route=%2Fwp%2Fv2%2Fmedia&parent=11888"}],"curies":[{"name":"wp","href":"https:\/\/api.w.org\/{rel}","templated":true}]}}