{"id":2287,"date":"2017-05-16T14:25:59","date_gmt":"2017-05-16T13:25:59","guid":{"rendered":"http:\/\/192.168.1.170\/coteaux\/?page_id=2287"},"modified":"2021-06-09T06:39:39","modified_gmt":"2021-06-09T05:39:39","slug":"adresse-horaires-douverture-plan","status":"publish","type":"page","link":"https:\/\/www.coteauxdublanzacais.fr\/?page_id=2287","title":{"rendered":"Adresse, horaires d&rsquo;ouverture"},"content":{"rendered":"<p><span style=\"color: #339966; font-family: Arial,Helvetica,sans-serif; font-size: 14pt;\"><strong>Mairie de Coteaux-du-Blanzacais<\/strong><\/span><br \/>\n<span style=\"color: #339966; font-family: Arial,Helvetica,sans-serif; font-size: 14pt;\"> <strong> 2 rte Villebois Lavalette &#8211; Blanzac-Porcheresse<\/strong><\/span><br \/>\n<span style=\"color: #339966; font-family: Arial,Helvetica,sans-serif; font-size: 14pt;\"> <strong> 16250 Coteaux-du-Blanzacais<\/strong><\/span><\/p>\n<p><span style=\"font-family: Arial,Helvetica,sans-serif; font-size: 14pt;\">T\u00e9l\u00e9phone : (+33) 05 45 64 03 77<\/span><br \/>\n<span style=\"font-family: Arial,Helvetica,sans-serif; font-size: 14pt;\"> T\u00e9l\u00e9copie : (+33) 05 45 64 08 03<\/span><\/p>\n<p><span style=\"font-family: Arial,Helvetica,sans-serif; font-size: 14pt;\">Horaires : Lundi et Vendredi : 8h30-12h00 \/ 13h30-18h00<\/span><\/p>\n<p><span style=\"font-family: Arial, Helvetica, sans-serif; font-size: 14pt;\">du mardi au jeudi : 8h30-12h30 \/ 13h30-18h00<\/span><\/p>\n<p><span style=\"font-family: Arial,Helvetica,sans-serif; font-size: 14pt;\"><a href=\"mailto:mairie@coteauxdublanzacais.fr\" target=\"_blank\" rel=\"noopener\">mairie@coteauxdublanzacais.fr<\/a><\/span><\/p>\n<p><span style=\"font-family: Arial,Helvetica,sans-serif; font-size: 14pt;\"><img loading=\"lazy\" decoding=\"async\" class=\"alignnone wp-image-2725\" src=\"http:\/\/www.coteauxdublanzacais.fr\/wp-content\/uploads\/2017\/08\/Employ\u00e9s-300x204.jpg\" alt=\"\" width=\"657\" height=\"446\"><\/span><\/p>\n","protected":false},"excerpt":{"rendered":"<p>Mairie de Coteaux-du-Blanzacais 2 rte Villebois Lavalette &#8211; Blanzac-Porcheresse 16250 Coteaux-du-Blanzacais T\u00e9l\u00e9phone : (+33) 05 45 64 03 77 T\u00e9l\u00e9copie : (+33) 05 45 64 08 03 Horaires : Lundi et Vendredi : 8h30-12h00 \/ 13h30-18h00 du mardi au jeudi<\/p>\n","protected":false},"author":1,"featured_media":0,"parent":0,"menu_order":0,"comment_status":"closed","ping_status":"closed","template":"","meta":{"ngg_post_thumbnail":0,"footnotes":""},"class_list":["post-2287","page","type-page","status-publish","hentry"],"_links":{"self":[{"href":"https:\/\/www.coteauxdublanzacais.fr\/index.php?rest_route=\/wp\/v2\/pages\/2287","targetHints":{"allow":["GET"]}}],"collection":[{"href":"https:\/\/www.coteauxdublanzacais.fr\/index.php?rest_route=\/wp\/v2\/pages"}],"about":[{"href":"https:\/\/www.coteauxdublanzacais.fr\/index.php?rest_route=\/wp\/v2\/types\/page"}],"author":[{"embeddable":true,"href":"https:\/\/www.coteauxdublanzacais.fr\/index.php?rest_route=\/wp\/v2\/users\/1"}],"replies":[{"embeddable":true,"href":"https:\/\/www.coteauxdublanzacais.fr\/index.php?rest_route=%2Fwp%2Fv2%2Fcomments&post=2287"}],"version-history":[{"count":24,"href":"https:\/\/www.coteauxdublanzacais.fr\/index.php?rest_route=\/wp\/v2\/pages\/2287\/revisions"}],"predecessor-version":[{"id":8397,"href":"https:\/\/www.coteauxdublanzacais.fr\/index.php?rest_route=\/wp\/v2\/pages\/2287\/revisions\/8397"}],"wp:attachment":[{"href":"https:\/\/www.coteauxdublanzacais.fr\/index.php?rest_route=%2Fwp%2Fv2%2Fmedia&parent=2287"}],"curies":[{"name":"wp","href":"https:\/\/api.w.org\/{rel}","templated":true}]}}