{"id":2339,"date":"2017-06-01T09:00:59","date_gmt":"2017-06-01T08:00:59","guid":{"rendered":"http:\/\/192.168.1.170\/coteaux\/?page_id=2339"},"modified":"2017-09-20T09:33:55","modified_gmt":"2017-09-20T08:33:55","slug":"plan-du-site-2","status":"publish","type":"page","link":"https:\/\/www.coteauxdublanzacais.fr\/?page_id=2339","title":{"rendered":"Plan du site"},"content":{"rendered":"<p><strong><div class=\"wsp-container\"><h2 class=\"wsp-pages-title\">Pages<\/h2>\n<ul class=\"wsp-pages-list\">\n<li class=\"page_item page-item-6887\"><a href=\"https:\/\/www.coteauxdublanzacais.fr\/?page_id=6887\">Mobilit\u00e9<\/a><\/li>\n<li class=\"page_item page-item-2355\"><a href=\"https:\/\/www.coteauxdublanzacais.fr\/?page_id=2355\">D\u00e9lib\u00e9rations<\/a><\/li>\n<li class=\"page_item page-item-2352\"><a href=\"https:\/\/www.coteauxdublanzacais.fr\/?page_id=2352\">March\u00e9s Publics<\/a><\/li>\n<li class=\"page_item page-item-2899\"><a href=\"https:\/\/www.coteauxdublanzacais.fr\/\">Accueil<\/a><\/li>\n<li class=\"page_item page-item-2459\"><a href=\"https:\/\/www.coteauxdublanzacais.fr\/?page_id=2459\">Aides \u00e0 domicile<\/a><\/li>\n<li class=\"page_item page-item-7785\"><a href=\"https:\/\/www.coteauxdublanzacais.fr\/?page_id=7785\">Finance Budget 2020<\/a><\/li>\n<li class=\"page_item page-item-185\"><a href=\"https:\/\/www.coteauxdublanzacais.fr\/?page_id=185\">Phototh\u00e8ques<\/a><\/li>\n<li class=\"page_item page-item-2462\"><a href=\"https:\/\/www.coteauxdublanzacais.fr\/?page_id=2462\">Les autres organismes d&rsquo;aides et de services<\/a><\/li>\n<li class=\"page_item page-item-2277\"><a href=\"https:\/\/www.coteauxdublanzacais.fr\/?page_id=2277\">Contacter la mairie<\/a><\/li>\n<li class=\"page_item page-item-2287\"><a href=\"https:\/\/www.coteauxdublanzacais.fr\/?page_id=2287\">Adresse, horaires d&rsquo;ouverture<\/a><\/li>\n<li class=\"page_item page-item-2768\"><a href=\"https:\/\/www.coteauxdublanzacais.fr\/?page_id=2768\">Terre Saine<\/a><\/li>\n<li class=\"page_item page-item-2321\"><a href=\"https:\/\/www.coteauxdublanzacais.fr\/?page_id=2321\">slider<\/a><\/li>\n<li class=\"page_item page-item-2437\"><a href=\"https:\/\/www.coteauxdublanzacais.fr\/?page_id=2437\">Conseil municipal<\/a><\/li>\n<li class=\"page_item page-item-2339\"><a href=\"https:\/\/www.coteauxdublanzacais.fr\/?page_id=2339\">Plan du site<\/a><\/li>\n<li class=\"page_item page-item-2456\"><a href=\"https:\/\/www.coteauxdublanzacais.fr\/?page_id=2456\">Pr\u00e9sence verte<\/a><\/li>\n<li class=\"page_item page-item-2465\"><a href=\"https:\/\/www.coteauxdublanzacais.fr\/?page_id=2465\">La halte de nuit<\/a><\/li>\n<li class=\"page_item page-item-2468\"><a href=\"https:\/\/www.coteauxdublanzacais.fr\/?page_id=2468\">Le Centre Communal d&rsquo;Actions Sociales<\/a><\/li>\n<li class=\"page_item page-item-2506\"><a href=\"https:\/\/www.coteauxdublanzacais.fr\/?page_id=2506\">Mes d\u00e9marches administratives<\/a><\/li>\n<li class=\"page_item page-item-2509\"><a href=\"https:\/\/www.coteauxdublanzacais.fr\/?page_id=2509\">Permanences administratives<\/a><\/li>\n<li class=\"page_item page-item-2513\"><a href=\"https:\/\/www.coteauxdublanzacais.fr\/?page_id=2513\">Services utiles<\/a><\/li>\n<li class=\"page_item page-item-2516\"><a href=\"https:\/\/www.coteauxdublanzacais.fr\/?page_id=2516\">Calitom gestion des d\u00e9chets<\/a><\/li>\n<li class=\"page_item page-item-2540\"><a href=\"https:\/\/www.coteauxdublanzacais.fr\/?page_id=2540\">Programme Cin\u00e9ma<\/a><\/li>\n<li class=\"page_item page-item-2572\"><a href=\"https:\/\/www.coteauxdublanzacais.fr\/?page_id=2572\">Canicule<\/a><\/li>\n<li class=\"page_item page-item-2575\"><a href=\"https:\/\/www.coteauxdublanzacais.fr\/?page_id=2575\">Arr\u00eat\u00e9s permanents<\/a><\/li>\n<li class=\"page_item page-item-2578\"><a href=\"https:\/\/www.coteauxdublanzacais.fr\/?page_id=2578\">Infos travaux<\/a><\/li>\n<li class=\"page_item page-item-2581\"><a href=\"https:\/\/www.coteauxdublanzacais.fr\/?page_id=2581\">L&rsquo;\u00e9quipe municipale<\/a><\/li>\n<li class=\"page_item page-item-2584\"><a href=\"https:\/\/www.coteauxdublanzacais.fr\/?page_id=2584\">Comit\u00e9s Consultatifs et D\u00e9l\u00e9gations<\/a><\/li>\n<li class=\"page_item page-item-2587\"><a href=\"https:\/\/www.coteauxdublanzacais.fr\/?page_id=2587\">Finance Budget 2017<\/a><\/li>\n<li class=\"page_item page-item-2590\"><a href=\"https:\/\/www.coteauxdublanzacais.fr\/?page_id=2590\">Elections<\/a><\/li>\n<li class=\"page_item page-item-2593\"><a href=\"https:\/\/www.coteauxdublanzacais.fr\/?page_id=2593\">R\u00e9sultats Elections :<\/a><\/li>\n<li class=\"page_item page-item-2596\"><a href=\"https:\/\/www.coteauxdublanzacais.fr\/?page_id=2596\">Situation<\/a><\/li>\n<li class=\"page_item page-item-2601\"><a href=\"https:\/\/www.coteauxdublanzacais.fr\/?page_id=2601\">L&rsquo;Echo des Coteaux<\/a><\/li>\n<li class=\"page_item page-item-2604\"><a href=\"https:\/\/www.coteauxdublanzacais.fr\/?page_id=2604\">Mairie Infos<\/a><\/li>\n<li class=\"page_item page-item-2608\"><a href=\"https:\/\/www.coteauxdublanzacais.fr\/?page_id=2608\">Annuaire<\/a><\/li>\n<li class=\"page_item page-item-2611\"><a href=\"https:\/\/www.coteauxdublanzacais.fr\/?page_id=2611\">D\u00e9marches<\/a><\/li>\n<li class=\"page_item page-item-2614\"><a href=\"https:\/\/www.coteauxdublanzacais.fr\/?page_id=2614\">March\u00e9 hebdomadaire<\/a><\/li>\n<li class=\"page_item page-item-2617\"><a href=\"https:\/\/www.coteauxdublanzacais.fr\/?page_id=2617\">Culte<\/a><\/li>\n<li class=\"page_item page-item-2620\"><a href=\"https:\/\/www.coteauxdublanzacais.fr\/?page_id=2620\">Transport<\/a><\/li>\n<li class=\"page_item page-item-2626\"><a href=\"https:\/\/www.coteauxdublanzacais.fr\/?page_id=2626\">R\u00e9sidence de retraite<\/a><\/li>\n<li class=\"page_item page-item-2629\"><a href=\"https:\/\/www.coteauxdublanzacais.fr\/?page_id=2629\">Professionnels de Sant\u00e9<\/a><\/li>\n<li class=\"page_item page-item-2633\"><a href=\"https:\/\/www.coteauxdublanzacais.fr\/?page_id=2633\">Mutuelle solidaire<\/a><\/li>\n<li class=\"page_item page-item-2636\"><a href=\"https:\/\/www.coteauxdublanzacais.fr\/?page_id=2636\">S\u00e9curit\u00e9 Routi\u00e8re<\/a><\/li>\n<li class=\"page_item page-item-2639\"><a href=\"https:\/\/www.coteauxdublanzacais.fr\/?page_id=2639\">Transport \u00e0 la demande<\/a><\/li>\n<li class=\"page_item page-item-2644\"><a href=\"https:\/\/www.coteauxdublanzacais.fr\/?page_id=2644\">Associations<\/a><\/li>\n<li class=\"page_item page-item-2647\"><a href=\"https:\/\/www.coteauxdublanzacais.fr\/?page_id=2647\">Travaux<\/a><\/li>\n<li class=\"page_item page-item-2653\"><a href=\"https:\/\/www.coteauxdublanzacais.fr\/?page_id=2653\">Contournement<\/a><\/li>\n<li class=\"page_item page-item-2656\"><a href=\"https:\/\/www.coteauxdublanzacais.fr\/?page_id=2656\">LGV<\/a><\/li>\n<li class=\"page_item page-item-2659\"><a href=\"https:\/\/www.coteauxdublanzacais.fr\/?page_id=2659\">OPAH<\/a><\/li>\n<li class=\"page_item page-item-2662\"><a href=\"https:\/\/www.coteauxdublanzacais.fr\/?page_id=2662\">Plan Local d&rsquo;Urbanisme Intercommunal<\/a><\/li>\n<li class=\"page_item page-item-2665\"><a href=\"https:\/\/www.coteauxdublanzacais.fr\/?page_id=2665\">R\u00e9vision du PLU<\/a><\/li>\n<li class=\"page_item page-item-2668\"><a href=\"https:\/\/www.coteauxdublanzacais.fr\/?page_id=2668\">Projets de lotissement<\/a><\/li>\n<li class=\"page_item page-item-2672\"><a href=\"https:\/\/www.coteauxdublanzacais.fr\/?page_id=2672\">Histoire<\/a><\/li>\n<li class=\"page_item page-item-2675\"><a href=\"https:\/\/www.coteauxdublanzacais.fr\/?page_id=2675\">Patrimoine<\/a><\/li>\n<li class=\"page_item page-item-2710\"><a href=\"https:\/\/www.coteauxdublanzacais.fr\/?page_id=2710\">Carte du patrimoine en blanzacais<\/a><\/li>\n<li class=\"page_item page-item-2678\"><a href=\"https:\/\/www.coteauxdublanzacais.fr\/?page_id=2678\">En images<\/a><\/li>\n<li class=\"page_item page-item-2681\"><a href=\"https:\/\/www.coteauxdublanzacais.fr\/?page_id=2681\">O\u00f9 manger ?<\/a><\/li>\n<li class=\"page_item page-item-2684\"><a href=\"https:\/\/www.coteauxdublanzacais.fr\/?page_id=2684\">O\u00f9 dormir ?<\/a><\/li>\n<li class=\"page_item page-item-2687\"><a href=\"https:\/\/www.coteauxdublanzacais.fr\/?page_id=2687\">Canicule<\/a><\/li>\n<li class=\"page_item page-item-2694\"><a href=\"https:\/\/www.coteauxdublanzacais.fr\/?page_id=2694\">Forte Chaleur<\/a><\/li>\n<li class=\"page_item page-item-2713\"><a href=\"https:\/\/www.coteauxdublanzacais.fr\/?page_id=2713\">L&rsquo; Eglise de Saint Arth\u00e9my<\/a><\/li>\n<li class=\"page_item page-item-9431\"><a href=\"https:\/\/www.coteauxdublanzacais.fr\/?page_id=9431\">La Chapelle des templiers<\/a><\/li>\n<li class=\"page_item page-item-2719\"><a href=\"https:\/\/www.coteauxdublanzacais.fr\/?page_id=2719\">L&rsquo;Eglise Saint Cybard de Porcheresse<\/a><\/li>\n<li class=\"page_item page-item-2978\"><a href=\"https:\/\/www.coteauxdublanzacais.fr\/?page_id=2978\">L&rsquo;\u00e9glise de Saint-Genis<\/a><\/li>\n<li class=\"page_item page-item-3002\"><a href=\"https:\/\/www.coteauxdublanzacais.fr\/?page_id=3002\">L&rsquo;Eglise Notre Dame de Cressac<\/a><\/li>\n<li class=\"page_item page-item-3048\"><a href=\"https:\/\/www.coteauxdublanzacais.fr\/?page_id=3048\">Tourisme<\/a><\/li>\n<li class=\"page_item page-item-3147\"><a href=\"https:\/\/www.coteauxdublanzacais.fr\/?page_id=3147\">Assistantes maternelles<\/a><\/li>\n<li class=\"page_item page-item-3176\"><a href=\"https:\/\/www.coteauxdublanzacais.fr\/?page_id=3176\">Lieu d&rsquo;Accueil Enfants Parents<\/a><\/li>\n<li class=\"page_item page-item-3180\"><a href=\"https:\/\/www.coteauxdublanzacais.fr\/?page_id=3180\">SESSAD<\/a><\/li>\n<li class=\"page_item page-item-3184\"><a href=\"https:\/\/www.coteauxdublanzacais.fr\/?page_id=3184\">Coll\u00e8ge<\/a><\/li>\n<li class=\"page_item page-item-3198\"><a href=\"https:\/\/www.coteauxdublanzacais.fr\/?page_id=3198\">RAM<\/a><\/li>\n<li class=\"page_item page-item-4175\"><a href=\"https:\/\/www.coteauxdublanzacais.fr\/?page_id=4175\">Assurance<\/a><\/li>\n<li class=\"page_item page-item-3335\"><a href=\"https:\/\/www.coteauxdublanzacais.fr\/?page_id=3335\">Tarifs de location des salles<\/a><\/li>\n<li class=\"page_item page-item-3410\"><a href=\"https:\/\/www.coteauxdublanzacais.fr\/?page_id=3410\">Mes d\u00e9marches administratives<\/a><\/li>\n<li class=\"page_item page-item-3430\"><a href=\"https:\/\/www.coteauxdublanzacais.fr\/?page_id=3430\">L&rsquo;usine ac\u00e9tyl\u00e8ne<\/a><\/li>\n<li class=\"page_item page-item-3455\"><a href=\"https:\/\/www.coteauxdublanzacais.fr\/?page_id=3455\">La tour du t\u00e9l\u00e9graphe Chappe<\/a><\/li>\n<li class=\"page_item page-item-3610\"><a href=\"https:\/\/www.coteauxdublanzacais.fr\/?page_id=3610\">test<\/a><\/li>\n<li class=\"page_item page-item-4012\"><a href=\"https:\/\/www.coteauxdublanzacais.fr\/?page_id=4012\">Formulaires li\u00e9s aux autorisations d&rsquo;urbanisme<\/a><\/li>\n<li class=\"page_item page-item-4017\"><a href=\"https:\/\/www.coteauxdublanzacais.fr\/?page_id=4017\">Les inscriptions scolaires<\/a><\/li>\n<li class=\"page_item page-item-4155\"><a href=\"https:\/\/www.coteauxdublanzacais.fr\/?page_id=4155\">Alimentation<\/a><\/li>\n<li class=\"page_item page-item-4207\"><a href=\"https:\/\/www.coteauxdublanzacais.fr\/?page_id=4207\">Automobiles et Motocultures<\/a><\/li>\n<li class=\"page_item page-item-4213\"><a href=\"https:\/\/www.coteauxdublanzacais.fr\/?page_id=4213\">Banque<\/a><\/li>\n<li class=\"page_item page-item-4219\"><a href=\"https:\/\/www.coteauxdublanzacais.fr\/?page_id=4219\">Beaut\u00e9<\/a><\/li>\n<li class=\"page_item page-item-4228\"><a href=\"https:\/\/www.coteauxdublanzacais.fr\/?page_id=4228\">Cabinet comptable<\/a><\/li>\n<li class=\"page_item page-item-4232\"><a href=\"https:\/\/www.coteauxdublanzacais.fr\/?page_id=4232\">Bricolage et mat\u00e9riaux<\/a><\/li>\n<li class=\"page_item page-item-4235\"><a href=\"https:\/\/www.coteauxdublanzacais.fr\/?page_id=4235\">Fleuriste<\/a><\/li>\n<li class=\"page_item page-item-4255\"><a href=\"https:\/\/www.coteauxdublanzacais.fr\/?page_id=4255\">Notaire<\/a><\/li>\n<li class=\"page_item page-item-4260\"><a href=\"https:\/\/www.coteauxdublanzacais.fr\/?page_id=4260\">March\u00e9s Publics<\/a><\/li>\n<li class=\"page_item page-item-4293\"><a href=\"https:\/\/www.coteauxdublanzacais.fr\/?page_id=4293\">Mara\u00eecher &#8211; Viticulteur &#8211; Produits locaux<\/a><\/li>\n<li class=\"page_item page-item-4299\"><a href=\"https:\/\/www.coteauxdublanzacais.fr\/?page_id=4299\">Jardinerie et Animaux<\/a><\/li>\n<li class=\"page_item page-item-4304\"><a href=\"https:\/\/www.coteauxdublanzacais.fr\/?page_id=4304\">Presse &#8211; Librairie &#8211; Tabac<\/a><\/li>\n<li class=\"page_item page-item-4384\"><a href=\"https:\/\/www.coteauxdublanzacais.fr\/?page_id=4384\">Restauration et bar<\/a><\/li>\n<li class=\"page_item page-item-4387\"><a href=\"https:\/\/www.coteauxdublanzacais.fr\/?page_id=4387\">Artisans du b\u00e2timent<\/a><\/li>\n<li class=\"page_item page-item-6893\"><a href=\"https:\/\/www.coteauxdublanzacais.fr\/?page_id=6893\">Espace Num\u00e9rique du Sud Charente<\/a><\/li>\n<li class=\"page_item page-item-4614\"><a href=\"https:\/\/www.coteauxdublanzacais.fr\/?page_id=4614\">Ecole<\/a><\/li>\n<li class=\"page_item page-item-5642\"><a href=\"https:\/\/www.coteauxdublanzacais.fr\/?page_id=5642\">Vols en Montgolfi\u00e8res<\/a><\/li>\n<li class=\"page_item page-item-5649\"><a href=\"https:\/\/www.coteauxdublanzacais.fr\/?page_id=5649\">Agence Immobili\u00e8re<\/a><\/li>\n<li class=\"page_item page-item-5757\"><a href=\"https:\/\/www.coteauxdublanzacais.fr\/?page_id=5757\">Finance Budget 2018<\/a><\/li>\n<li class=\"page_item page-item-6022\"><a href=\"https:\/\/www.coteauxdublanzacais.fr\/?page_id=6022\">event<\/a><\/li>\n<li class=\"page_item page-item-7632\"><a href=\"https:\/\/www.coteauxdublanzacais.fr\/?page_id=7632\">Borne \u00e9lectrique  parking du cin\u00e9ma<\/a><\/li>\n<li class=\"page_item page-item-7565\"><a href=\"https:\/\/www.coteauxdublanzacais.fr\/?page_id=7565\">Finance Budget 2019<\/a><\/li>\n<li class=\"page_item page-item-7795\"><a href=\"https:\/\/www.coteauxdublanzacais.fr\/?page_id=7795\">L&rsquo;\u00e9glise paroissiale Saint-L\u00e9ger<\/a><\/li>\n<li class=\"page_item page-item-7877\"><a href=\"https:\/\/www.coteauxdublanzacais.fr\/?page_id=7877\">Charente Sant\u00e9<\/a><\/li>\n<li class=\"page_item page-item-8268\"><a href=\"https:\/\/www.coteauxdublanzacais.fr\/?page_id=8268\">VETEMENTS BIJOUX CADEAUX<\/a><\/li>\n<li class=\"page_item page-item-8271\"><a href=\"https:\/\/www.coteauxdublanzacais.fr\/?page_id=8271\">VIDE GRENIER BROCANTE<\/a><\/li>\n<li class=\"page_item page-item-8413\"><a href=\"https:\/\/www.coteauxdublanzacais.fr\/?page_id=8413\">Borne WIFI gratuit<\/a><\/li>\n<li class=\"page_item page-item-9627\"><a href=\"https:\/\/www.coteauxdublanzacais.fr\/?page_id=9627\">Relev\u00e9s des d\u00e9cisions et Proc\u00e8s-verbaux des Conseils Municipaux<\/a><\/li>\n<li class=\"page_item page-item-10623\"><a href=\"https:\/\/www.coteauxdublanzacais.fr\/?page_id=10623\">Guide de la petite enfance<\/a><\/li>\n<li class=\"page_item page-item-9782\"><a href=\"https:\/\/www.coteauxdublanzacais.fr\/?page_id=9782\">M\u00e9moires de vies<\/a><\/li>\n<li class=\"page_item page-item-8728\"><a href=\"https:\/\/www.coteauxdublanzacais.fr\/?page_id=8728\">Tiers-Lieux<\/a><\/li>\n<li class=\"page_item page-item-8735\"><a href=\"https:\/\/www.coteauxdublanzacais.fr\/?page_id=8735\">Nouveau service de paiement en ligne PAYFIP<\/a><\/li>\n<li class=\"page_item page-item-8758\"><a href=\"https:\/\/www.coteauxdublanzacais.fr\/?page_id=8758\">Informatique<\/a><\/li>\n<li class=\"page_item page-item-10441\"><a href=\"https:\/\/www.coteauxdublanzacais.fr\/?page_id=10441\">Assistance au Parcours de Vie 16<\/a><\/li>\n<li class=\"page_item page-item-9608\"><a href=\"https:\/\/www.coteauxdublanzacais.fr\/?page_id=9608\">G\u00e9orisques : Les risques sur ma commune<\/a><\/li>\n<li class=\"page_item page-item-9633\"><a href=\"https:\/\/www.coteauxdublanzacais.fr\/?page_id=9633\">Finance Budget 2024<\/a><\/li>\n<li class=\"page_item page-item-10010\"><a href=\"https:\/\/www.coteauxdublanzacais.fr\/?page_id=10010\">Relev\u00e9 de d\u00e9cisions et PV du Conseil d&rsquo;Administration du CCAS<\/a><\/li>\n<li class=\"page_item page-item-10768\"><a href=\"https:\/\/www.coteauxdublanzacais.fr\/?page_id=10768\">Booking Received<\/a><\/li>\n<li class=\"page_item page-item-10783\"><a href=\"https:\/\/www.coteauxdublanzacais.fr\/?page_id=10783\">Formulaire de r\u00e9servation<\/a><\/li>\n<li class=\"page_item page-item-10363\"><a href=\"https:\/\/www.coteauxdublanzacais.fr\/?page_id=10363\">Aides ANAH<\/a><\/li>\n<li class=\"page_item page-item-10525\"><a href=\"https:\/\/www.coteauxdublanzacais.fr\/?page_id=10525\">Tout savoir sur le raccordement \u00e0 la fibre optique<\/a><\/li>\n<li class=\"page_item page-item-10425\"><a href=\"https:\/\/www.coteauxdublanzacais.fr\/?page_id=10425\">Prochainement\u00a0: la sant\u00e9 en acc\u00e8s libre, pour tous\u00a0!<\/a><\/li>\n<li class=\"page_item page-item-12405\"><a href=\"https:\/\/www.coteauxdublanzacais.fr\/?page_id=12405\">Finance Budget 2025<\/a><\/li>\n<li class=\"page_item page-item-11888\"><a href=\"https:\/\/www.coteauxdublanzacais.fr\/?page_id=11888\">Aides pour les jeunes<\/a><\/li>\n<li class=\"page_item page-item-12672\"><a href=\"https:\/\/www.coteauxdublanzacais.fr\/?page_id=12672\">Full Day Booking<\/a><\/li>\n<li class=\"page_item page-item-12673\"><a href=\"https:\/\/www.coteauxdublanzacais.fr\/?page_id=12673\">Time Slots Booking<\/a><\/li>\n<li class=\"page_item page-item-12674\"><a href=\"https:\/\/www.coteauxdublanzacais.fr\/?page_id=12674\">Time Appointments Booking<\/a><\/li>\n<li class=\"page_item page-item-12675\"><a href=\"https:\/\/www.coteauxdublanzacais.fr\/?page_id=12675\">Contact Form<\/a><\/li>\n<\/ul>\n<\/div><\/strong><\/p>\n","protected":false},"excerpt":{"rendered":"","protected":false},"author":1,"featured_media":0,"parent":0,"menu_order":0,"comment_status":"closed","ping_status":"closed","template":"","meta":{"ngg_post_thumbnail":0,"footnotes":""},"class_list":["post-2339","page","type-page","status-publish","hentry"],"_links":{"self":[{"href":"https:\/\/www.coteauxdublanzacais.fr\/index.php?rest_route=\/wp\/v2\/pages\/2339","targetHints":{"allow":["GET"]}}],"collection":[{"href":"https:\/\/www.coteauxdublanzacais.fr\/index.php?rest_route=\/wp\/v2\/pages"}],"about":[{"href":"https:\/\/www.coteauxdublanzacais.fr\/index.php?rest_route=\/wp\/v2\/types\/page"}],"author":[{"embeddable":true,"href":"https:\/\/www.coteauxdublanzacais.fr\/index.php?rest_route=\/wp\/v2\/users\/1"}],"replies":[{"embeddable":true,"href":"https:\/\/www.coteauxdublanzacais.fr\/index.php?rest_route=%2Fwp%2Fv2%2Fcomments&post=2339"}],"version-history":[{"count":2,"href":"https:\/\/www.coteauxdublanzacais.fr\/index.php?rest_route=\/wp\/v2\/pages\/2339\/revisions"}],"predecessor-version":[{"id":2374,"href":"https:\/\/www.coteauxdublanzacais.fr\/index.php?rest_route=\/wp\/v2\/pages\/2339\/revisions\/2374"}],"wp:attachment":[{"href":"https:\/\/www.coteauxdublanzacais.fr\/index.php?rest_route=%2Fwp%2Fv2%2Fmedia&parent=2339"}],"curies":[{"name":"wp","href":"https:\/\/api.w.org\/{rel}","templated":true}]}}