{"id":2516,"date":"2017-08-10T13:19:31","date_gmt":"2017-08-10T12:19:31","guid":{"rendered":"http:\/\/www.coteauxdublanzacais.fr\/?page_id=2516"},"modified":"2019-10-17T17:01:06","modified_gmt":"2019-10-17T16:01:06","slug":"vos-services-pour-blanzac","status":"publish","type":"page","link":"https:\/\/www.coteauxdublanzacais.fr\/?page_id=2516","title":{"rendered":"Calitom gestion des d\u00e9chets"},"content":{"rendered":"<h1 style=\"text-align: center;\"><span style=\"font-family: Arial,Helvetica,sans-serif; font-size: 24pt;\"><strong>Ramassage des ordures m\u00e9nag\u00e8res<\/strong> :<\/span><\/h1>\n<p><span style=\"font-family: Arial,Helvetica,sans-serif; font-size: 14pt;\">Vous pouvez retrouver toutes les informations sur le site internet <a href=\"https:\/\/www.calitom.com\/fr\/content\/16001\" target=\"_blank\" rel=\"noopener noreferrer\"><strong><span style=\"font-size: 24pt; color: #339966;\">Calitom<\/span><\/strong><\/a> ou appeler au num\u00e9ro vert : 08 00 50 04 29.<\/span><\/p>\n<p><span style=\"color: #0da843; font-family: Arial,Helvetica,sans-serif; font-size: 14pt;\"><strong>Attention rappel: lorsqu&rsquo;il y a un jour f\u00e9ri\u00e9, le ramassage est d\u00e9cal\u00e9 d&rsquo;un jour, par exemple: la semaine du 1er mai 2017 les ramassages pr\u00e9vus le mercredi 03 mai ont \u00e9t\u00e9 effectu\u00e9s le jeudi 04 mai .<\/strong><\/span><\/p>\n<p><span style=\"font-family: Arial,Helvetica,sans-serif; font-size: 14pt;\"><b>Calitom <\/b>a lanc\u00e9 depuis 2014, une campagne d\u2019information aupr\u00e8s des usagers pour promouvoir l\u2019utilisation de poubelles conformes pour la collecte des ordures m\u00e9nag\u00e8res.<\/span><\/p>\n<p>&nbsp;<\/p>\n<p><span style=\"font-family: Arial,Helvetica,sans-serif;\"><img loading=\"lazy\" decoding=\"async\" class=\"size-medium wp-image-2941 aligncenter\" src=\"http:\/\/www.coteauxdublanzacais.fr\/wp-content\/uploads\/2017\/08\/Image1-2-300x191.jpg\" alt=\"\" width=\"300\" height=\"191\" srcset=\"https:\/\/www.coteauxdublanzacais.fr\/wp-content\/uploads\/2017\/08\/Image1-2-300x191.jpg 300w, https:\/\/www.coteauxdublanzacais.fr\/wp-content\/uploads\/2017\/08\/Image1-2.jpg 413w\" sizes=\"auto, (max-width: 300px) 100vw, 300px\" \/><\/span><\/p>\n<p>&nbsp;<\/p>\n<h1 style=\"text-align: center;\"><span style=\"font-family: Arial,Helvetica,sans-serif; font-size: 24pt;\"><strong>Horaires d\u00e9chetterie de P\u00e9rignac<\/strong>&nbsp;<\/span><\/h1>\n<p><span style=\"font-family: Arial,Helvetica,sans-serif; font-size: 14pt;\">Lundi: 9h00 -12h 00 <\/span><\/p>\n<p><span style=\"font-family: Arial,Helvetica,sans-serif; font-size: 14pt;\">Mardi :&nbsp; 9h00 -12h00 et 14h00 -18h00<\/span><\/p>\n<p><span style=\"font-family: Arial,Helvetica,sans-serif; font-size: 14pt;\">Mercredi : ferm\u00e9e<\/span><\/p>\n<p><span style=\"font-family: Arial,Helvetica,sans-serif; font-size: 14pt;\">Jeudi : 9h00 -12h00 et 14h00 -18h00<\/span><\/p>\n<p><span style=\"font-family: Arial,Helvetica,sans-serif; font-size: 14pt;\">Vendredi : ferm\u00e9e<\/span><\/p>\n<p><span style=\"font-family: Arial,Helvetica,sans-serif; font-size: 14pt;\">Samedi : 9h00 -12h00 et 14h00 -18h00<\/span><\/p>\n<p><span style=\"font-family: Arial,Helvetica,sans-serif; font-size: 14pt;\">Dimanche : ferm\u00e9e<\/span><\/p>\n","protected":false},"excerpt":{"rendered":"<p>Ramassage des ordures m\u00e9nag\u00e8res : Vous pouvez retrouver toutes les informations sur le site internet Calitom ou appeler au num\u00e9ro vert : 08 00 50 04 29. Attention rappel: lorsqu&rsquo;il y a un jour f\u00e9ri\u00e9, le ramassage est d\u00e9cal\u00e9 d&rsquo;un<\/p>\n","protected":false},"author":1,"featured_media":0,"parent":0,"menu_order":0,"comment_status":"closed","ping_status":"closed","template":"","meta":{"ngg_post_thumbnail":0,"footnotes":""},"class_list":["post-2516","page","type-page","status-publish","hentry"],"_links":{"self":[{"href":"https:\/\/www.coteauxdublanzacais.fr\/index.php?rest_route=\/wp\/v2\/pages\/2516","targetHints":{"allow":["GET"]}}],"collection":[{"href":"https:\/\/www.coteauxdublanzacais.fr\/index.php?rest_route=\/wp\/v2\/pages"}],"about":[{"href":"https:\/\/www.coteauxdublanzacais.fr\/index.php?rest_route=\/wp\/v2\/types\/page"}],"author":[{"embeddable":true,"href":"https:\/\/www.coteauxdublanzacais.fr\/index.php?rest_route=\/wp\/v2\/users\/1"}],"replies":[{"embeddable":true,"href":"https:\/\/www.coteauxdublanzacais.fr\/index.php?rest_route=%2Fwp%2Fv2%2Fcomments&post=2516"}],"version-history":[{"count":12,"href":"https:\/\/www.coteauxdublanzacais.fr\/index.php?rest_route=\/wp\/v2\/pages\/2516\/revisions"}],"predecessor-version":[{"id":6924,"href":"https:\/\/www.coteauxdublanzacais.fr\/index.php?rest_route=\/wp\/v2\/pages\/2516\/revisions\/6924"}],"wp:attachment":[{"href":"https:\/\/www.coteauxdublanzacais.fr\/index.php?rest_route=%2Fwp%2Fv2%2Fmedia&parent=2516"}],"curies":[{"name":"wp","href":"https:\/\/api.w.org\/{rel}","templated":true}]}}