{"id":2617,"date":"2017-08-11T12:57:50","date_gmt":"2017-08-11T11:57:50","guid":{"rendered":"http:\/\/www.coteauxdublanzacais.fr\/?page_id=2617"},"modified":"2017-08-11T14:05:44","modified_gmt":"2017-08-11T13:05:44","slug":"culte","status":"publish","type":"page","link":"https:\/\/www.coteauxdublanzacais.fr\/?page_id=2617","title":{"rendered":"Culte"},"content":{"rendered":"<h2>Culte Catholique<\/h2>\n<p><strong>Messes \u00e0 Blanzac &#8211; Porcheresse:<\/strong><\/p>\n<p>Eglise Saint Arth\u00e9my<\/p>\n<p>Le premier et troisi\u00e8me samedi du mois \u00e0 18h30.<\/p>\n<p>Le deuxi\u00e8me et quatri\u00e8me dimanche \u00e0 10h30.<\/p>\n<p>Le cinqui\u00e8me dimanche du mois, messe de doyenn\u00e9 \u00e0 l&rsquo;abbatiale de Puyp\u00e9roux.<\/p>\n<p><strong>Contact:<\/strong><\/p>\n<p><strong>Doyenn\u00e9 Sud-Est Charente<\/strong><\/p>\n<p><strong>2, place du Beaucanton<\/strong><\/p>\n<p><strong>16190 Montmoreau &#8211; Saint &#8211; Cybard<\/strong><\/p>\n<p><strong>T\u00e9l:05.45.60.24.31<\/strong>. ( permanences du lundi au vendredi de 13h30 \u00e0 16h30)<\/p>\n<p>adresse mail: doyennese@sfr.fr<\/p>\n<p>&nbsp;<\/p>\n<h2>Eglise R\u00e9form\u00e9e de France<\/h2>\n<p><strong>Eglise Missionnaire de Barbezieux<\/strong><\/p>\n<p><strong>Pasteur<\/strong>: Christiane Nyangono<\/p>\n<p><strong>20, rue Trarieux<\/strong><\/p>\n<p><strong>16300 Barbezieux- Saint &#8211; Hilaire<\/strong><\/p>\n<p><strong>t\u00e9l: 05.45.78.10.92.<\/strong><\/p>\n<p><strong>Cultes \u00e0 la Chapelle des Templiers de Cressac<\/strong> \u00e0 partir du printemps . Se renseigner aupr\u00e8s de l&rsquo;\u00e9glise r\u00e9form\u00e9e.<\/p>\n<p>adresse mail: emb1@orange.fr<\/p>\n","protected":false},"excerpt":{"rendered":"<p>Culte Catholique Messes \u00e0 Blanzac &#8211; Porcheresse: Eglise Saint Arth\u00e9my Le premier et troisi\u00e8me samedi du mois \u00e0 18h30. Le deuxi\u00e8me et quatri\u00e8me dimanche \u00e0 10h30. Le cinqui\u00e8me dimanche du mois, messe de doyenn\u00e9 \u00e0 l&rsquo;abbatiale de Puyp\u00e9roux. Contact: Doyenn\u00e9<\/p>\n","protected":false},"author":1,"featured_media":0,"parent":0,"menu_order":0,"comment_status":"closed","ping_status":"closed","template":"","meta":{"ngg_post_thumbnail":0,"footnotes":""},"class_list":["post-2617","page","type-page","status-publish","hentry"],"_links":{"self":[{"href":"https:\/\/www.coteauxdublanzacais.fr\/index.php?rest_route=\/wp\/v2\/pages\/2617","targetHints":{"allow":["GET"]}}],"collection":[{"href":"https:\/\/www.coteauxdublanzacais.fr\/index.php?rest_route=\/wp\/v2\/pages"}],"about":[{"href":"https:\/\/www.coteauxdublanzacais.fr\/index.php?rest_route=\/wp\/v2\/types\/page"}],"author":[{"embeddable":true,"href":"https:\/\/www.coteauxdublanzacais.fr\/index.php?rest_route=\/wp\/v2\/users\/1"}],"replies":[{"embeddable":true,"href":"https:\/\/www.coteauxdublanzacais.fr\/index.php?rest_route=%2Fwp%2Fv2%2Fcomments&post=2617"}],"version-history":[{"count":2,"href":"https:\/\/www.coteauxdublanzacais.fr\/index.php?rest_route=\/wp\/v2\/pages\/2617\/revisions"}],"predecessor-version":[{"id":2702,"href":"https:\/\/www.coteauxdublanzacais.fr\/index.php?rest_route=\/wp\/v2\/pages\/2617\/revisions\/2702"}],"wp:attachment":[{"href":"https:\/\/www.coteauxdublanzacais.fr\/index.php?rest_route=%2Fwp%2Fv2%2Fmedia&parent=2617"}],"curies":[{"name":"wp","href":"https:\/\/api.w.org\/{rel}","templated":true}]}}