{"id":2629,"date":"2017-08-11T13:02:17","date_gmt":"2017-08-11T12:02:17","guid":{"rendered":"http:\/\/www.coteauxdublanzacais.fr\/?page_id=2629"},"modified":"2020-09-04T14:59:46","modified_gmt":"2020-09-04T13:59:46","slug":"professionnels-de-sante","status":"publish","type":"page","link":"https:\/\/www.coteauxdublanzacais.fr\/?page_id=2629","title":{"rendered":"Professionnels de Sant\u00e9"},"content":{"rendered":"\n<table id=\"tablepress-10\" class=\"tablepress tablepress-id-10\">\n<tbody class=\"row-hover\">\n<tr class=\"row-1\">\n\t<td class=\"column-1\">Cabinet M\u00e9dical<br \/>\nRue du Pont des Ryces<br \/>\nBlanzac-Porcheresse<br \/>\n16250 Coteaux du Blanzacais\u00a0 \u00a0 \u00a0 \u00a0 \u00a0 \u00a0 \u00a0 \u00a0 <\/td><td class=\"column-2\">05.45.64.06.72<\/td>\n<\/tr>\n<tr class=\"row-2\">\n\t<td class=\"column-1\">Centre D\u00e9partemental de Sant\u00e9 M\u00e9decins<br \/>\nRue du Pont des Ryces<br \/>\nBlanzac-Porcheresse<br \/>\n16250 Coteaux du Blanzacais\u00a0 \u00a0 \u00a0 \u00a0 \u00a0 \u00a0 \u00a0 \u00a0 <\/td><td class=\"column-2\">05.16.09.51.75<\/td>\n<\/tr>\n<tr class=\"row-3\">\n\t<td class=\"column-1\">Centre D\u00e9partemental de Sant\u00e9 Dentistes<br \/>\nRue du Pont des Ryces<br \/>\nBlanzac-Porcheresse<br \/>\n16250 Coteaux du Blanzacais <\/td><td class=\"column-2\">05.45.64.02.61<\/td>\n<\/tr>\n<tr class=\"row-4\">\n\t<td class=\"column-1\">Cabinet Infirmi\u00e8res<br \/>\n19 Rue Marot<br \/>\nBlanzac-Porcheresse<br \/>\n16250 Coteaux du Blanzacais\u00a0 \u00a0 \u00a0 \u00a0 \u00a0 \u00a0 \u00a0 \u00a0 <\/td><td class=\"column-2\">Mme DEGUIL       06.12.31.29.45<br \/>\nMme MICHEAU    06.98.01.54.14<br \/>\nMme DURAND     06.60.20.95.75<br \/>\nMme BENOIST      06.82.87.00.33<br \/>\nMme GERVAIS 06.85.95.68.44<br \/>\nMme DELAVAULT 06.82.20.54.46<\/td>\n<\/tr>\n<tr class=\"row-5\">\n\t<td class=\"column-1\">Ost\u00e9opathe Mme RAYNAUD<br \/>\n19 Rue Marot<br \/>\nBlanzac-Porcheresse<br \/>\n16250 Coteaux du Blanzacais\u00a0 \u00a0 \u00a0 \u00a0 \u00a0 \u00a0 \u00a0 \u00a0 <\/td><td class=\"column-2\">06.61.73.40.38<\/td>\n<\/tr>\n<tr class=\"row-6\">\n\t<td class=\"column-1\">Masseur-Kin\u00e9sith\u00e9rapeute Mme MOREL<br \/>\n3 Chez Courand<br \/>\nBlanzac-Porcheresse<br \/>\n16250 Coteaux du Blanzacais\u00a0 \u00a0 \u00a0 \u00a0 \u00a0 \u00a0 \u00a0 \u00a0 <\/td><td class=\"column-2\">07.88.53.64.71<\/td>\n<\/tr>\n<tr class=\"row-7\">\n\t<td class=\"column-1\">Pharmacie du Blanzacais<br \/>\n21 Rue Marot<br \/>\nBlanzac-Porcheresse<br \/>\n16250 Coteaux du Blanzacais\u00a0 \u00a0 \u00a0 \u00a0 \u00a0 \u00a0 \u00a0 \u00a0 <\/td><td class=\"column-2\">05.45.64.04.22<\/td>\n<\/tr>\n<tr class=\"row-8\">\n\t<td class=\"column-1\">Ambulances <\/td><td class=\"column-2\">06.47.12.38.12<\/td>\n<\/tr>\n<\/tbody>\n<\/table>\n<!-- #tablepress-10 from cache -->\n","protected":false},"excerpt":{"rendered":"","protected":false},"author":1,"featured_media":0,"parent":0,"menu_order":0,"comment_status":"closed","ping_status":"closed","template":"","meta":{"ngg_post_thumbnail":0,"footnotes":""},"class_list":["post-2629","page","type-page","status-publish","hentry"],"_links":{"self":[{"href":"https:\/\/www.coteauxdublanzacais.fr\/index.php?rest_route=\/wp\/v2\/pages\/2629","targetHints":{"allow":["GET"]}}],"collection":[{"href":"https:\/\/www.coteauxdublanzacais.fr\/index.php?rest_route=\/wp\/v2\/pages"}],"about":[{"href":"https:\/\/www.coteauxdublanzacais.fr\/index.php?rest_route=\/wp\/v2\/types\/page"}],"author":[{"embeddable":true,"href":"https:\/\/www.coteauxdublanzacais.fr\/index.php?rest_route=\/wp\/v2\/users\/1"}],"replies":[{"embeddable":true,"href":"https:\/\/www.coteauxdublanzacais.fr\/index.php?rest_route=%2Fwp%2Fv2%2Fcomments&post=2629"}],"version-history":[{"count":39,"href":"https:\/\/www.coteauxdublanzacais.fr\/index.php?rest_route=\/wp\/v2\/pages\/2629\/revisions"}],"predecessor-version":[{"id":7876,"href":"https:\/\/www.coteauxdublanzacais.fr\/index.php?rest_route=\/wp\/v2\/pages\/2629\/revisions\/7876"}],"wp:attachment":[{"href":"https:\/\/www.coteauxdublanzacais.fr\/index.php?rest_route=%2Fwp%2Fv2%2Fmedia&parent=2629"}],"curies":[{"name":"wp","href":"https:\/\/api.w.org\/{rel}","templated":true}]}}