{"id":2694,"date":"2017-08-11T13:36:20","date_gmt":"2017-08-11T12:36:20","guid":{"rendered":"http:\/\/www.coteauxdublanzacais.fr\/?page_id=2694"},"modified":"2017-09-13T16:02:17","modified_gmt":"2017-09-13T15:02:17","slug":"forte-chaleur","status":"publish","type":"page","link":"https:\/\/www.coteauxdublanzacais.fr\/?page_id=2694","title":{"rendered":"Forte Chaleur"},"content":{"rendered":"<h1 style=\"text-align: center;\"><span style=\"font-family: Terminal,Monaco;\">Fortes chaleurs &#8211; conseils<\/span><\/h1>\n<p>&nbsp;<\/p>\n<ul>\n<li><span style=\"font-family: Terminal,Monaco; font-size: 14pt;\">je bois beaucoup d&rsquo;eau<\/span><\/li>\n<li><span style=\"font-family: Terminal,Monaco; font-size: 14pt;\">j&rsquo;hydrate ma peau<\/span><\/li>\n<li><span style=\"font-family: Terminal,Monaco; font-size: 14pt;\">je reste au frais (volets ferm\u00e9s) ou dans un lieu climatis\u00e9 (supermarch\u00e9, cin\u00e9ma, &#8230;)<\/span><\/li>\n<li><span style=\"font-family: Terminal,Monaco; font-size: 14pt;\">je donne de mes nouvelles \u00e0 ma famille ou mes voisins<\/span><\/li>\n<\/ul>\n<p><span style=\"font-family: Terminal,Monaco; font-size: 14pt;\"><strong>Si je suis seul(e)<\/strong>, je me faire connaitre \u00e0 la mairie (loi 2004 : registre nominatif&nbsp;communal)<\/span><\/p>\n","protected":false},"excerpt":{"rendered":"<p>Fortes chaleurs &#8211; conseils &nbsp; je bois beaucoup d&rsquo;eau j&rsquo;hydrate ma peau je reste au frais (volets ferm\u00e9s) ou dans un lieu climatis\u00e9 (supermarch\u00e9, cin\u00e9ma, &#8230;) je donne de mes nouvelles \u00e0 ma famille ou mes voisins Si je suis<\/p>\n","protected":false},"author":1,"featured_media":0,"parent":0,"menu_order":0,"comment_status":"closed","ping_status":"closed","template":"","meta":{"ngg_post_thumbnail":0,"footnotes":""},"class_list":["post-2694","page","type-page","status-publish","hentry"],"_links":{"self":[{"href":"https:\/\/www.coteauxdublanzacais.fr\/index.php?rest_route=\/wp\/v2\/pages\/2694","targetHints":{"allow":["GET"]}}],"collection":[{"href":"https:\/\/www.coteauxdublanzacais.fr\/index.php?rest_route=\/wp\/v2\/pages"}],"about":[{"href":"https:\/\/www.coteauxdublanzacais.fr\/index.php?rest_route=\/wp\/v2\/types\/page"}],"author":[{"embeddable":true,"href":"https:\/\/www.coteauxdublanzacais.fr\/index.php?rest_route=\/wp\/v2\/users\/1"}],"replies":[{"embeddable":true,"href":"https:\/\/www.coteauxdublanzacais.fr\/index.php?rest_route=%2Fwp%2Fv2%2Fcomments&post=2694"}],"version-history":[{"count":2,"href":"https:\/\/www.coteauxdublanzacais.fr\/index.php?rest_route=\/wp\/v2\/pages\/2694\/revisions"}],"predecessor-version":[{"id":2788,"href":"https:\/\/www.coteauxdublanzacais.fr\/index.php?rest_route=\/wp\/v2\/pages\/2694\/revisions\/2788"}],"wp:attachment":[{"href":"https:\/\/www.coteauxdublanzacais.fr\/index.php?rest_route=%2Fwp%2Fv2%2Fmedia&parent=2694"}],"curies":[{"name":"wp","href":"https:\/\/api.w.org\/{rel}","templated":true}]}}