{"id":5757,"date":"2018-06-27T13:55:40","date_gmt":"2018-06-27T12:55:40","guid":{"rendered":"http:\/\/www.coteauxdublanzacais.fr\/?page_id=5757"},"modified":"2020-06-04T08:04:18","modified_gmt":"2020-06-04T07:04:18","slug":"finance-budget-2018","status":"publish","type":"page","link":"https:\/\/www.coteauxdublanzacais.fr\/?page_id=5757","title":{"rendered":"Finance Budget 2018"},"content":{"rendered":"<p style=\"text-align: center;\"><span style=\"font-family: Arial, Helvetica, sans-serif; font-size: 14pt; color: #0da843;\"><strong><img loading=\"lazy\" decoding=\"async\" class=\"size-medium wp-image-2802 alignleft\" src=\"http:\/\/www.coteauxdublanzacais.fr\/wp-content\/uploads\/2017\/08\/BUDGET-300x159.jpg\" alt=\"\" width=\"300\" height=\"159\" srcset=\"https:\/\/www.coteauxdublanzacais.fr\/wp-content\/uploads\/2017\/08\/BUDGET-300x159.jpg 300w, https:\/\/www.coteauxdublanzacais.fr\/wp-content\/uploads\/2017\/08\/BUDGET.jpg 308w\" sizes=\"auto, (max-width: 300px) 100vw, 300px\" \/>Budget Communal 2018<\/strong><\/span><\/p>\n<p><span style=\"font-family: Arial, Helvetica, sans-serif; font-size: 14pt;\">Le budget 2018 de la commune de Coteaux du Blanzacais, d\u2019un montant global de 2&nbsp;606&nbsp;912.67 euros, a \u00e9t\u00e9 vot\u00e9 le 08 mars 2018 avec pour objectif le maintien d&rsquo;une politique d\u2019investissements dynamique malgr\u00e9 la baisse des dotations et des subventions de l\u2019\u00c9tat et des collectivit\u00e9s locales.<\/span><\/p>\n<p><span style=\"font-family: Arial, Helvetica, sans-serif; font-size: 14pt;\"><strong>Pr\u00e9sentation&nbsp;: <\/strong><\/span><span style=\"font-family: Arial, Helvetica, sans-serif; font-size: 14pt;\">Le conseil municipal a vot\u00e9, le 08 mars dernier, le budget 2018 d\u2019un montant total de 2&nbsp;606&nbsp;912.67 euros, il comprend une section de fonctionnement qui s\u2019\u00e9l\u00e8ve \u00e0 791&nbsp;593.26 \u20ac et une section d\u2019investissement \u00e0 1&nbsp;815&nbsp;319.41 \u20ac.<\/span><\/p>\n<p><span style=\"font-family: Arial, Helvetica, sans-serif; font-size: 14pt;\">La commune r\u00e9ussit \u00e0 maintenir une \u00e9pargne suffisante pour investir gr\u00e2ce \u00e0 la poursuite de la ma\u00eetrise des d\u00e9penses de fonctionnement.<\/span><\/p>\n<p><span style=\"font-family: Arial, Helvetica, sans-serif; font-size: 14pt;\">Les d\u00e9penses de fonctionnement repr\u00e9sentent les d\u00e9penses courantes de la collectivit\u00e9 (masse salariale, entretien, fournitures, d\u00e9penses diverses relevant de la comp\u00e9tence communale, remboursement de la dette pour la partie \u00ab int\u00e9r\u00eats \u00bb). Ces d\u00e9penses sont <strong>en baisse de 3.90 %<\/strong> pour 2018 par rapport au budget 2017.<\/span><\/p>\n<p><span style=\"font-family: Arial, Helvetica, sans-serif; font-size: 14pt;\">Les d\u00e9penses d\u2019investissements pr\u00e9vues \u00e0 hauteur de 1&nbsp;815&nbsp;319.41 \u20ac sont destin\u00e9es aux d\u00e9penses d\u2019\u00e9quipement de la collectivit\u00e9, aux d\u00e9penses de travaux neufs, aux acquisitions mobili\u00e8res et immobili\u00e8res et au remboursement de la dette pour sa part \u00ab capital \u00bb.<\/span><\/p>\n<p>&nbsp;<\/p>\n<p style=\"text-align: center;\"><span style=\"font-family: Arial, Helvetica, sans-serif; font-size: 14pt; color: #0da843;\"><strong>R\u00e9partition du Budget Commune de Coteaux du Blanzacais Ann\u00e9e 2018<\/strong><\/span><\/p>\n<p style=\"text-align: center;\"><strong><span style=\"font-family: Arial, Helvetica, sans-serif; font-size: 14pt; color: #0da843;\">&nbsp;<img loading=\"lazy\" decoding=\"async\" class=\"alignnone wp-image-5762 aligncenter\" src=\"http:\/\/www.coteauxdublanzacais.fr\/wp-content\/uploads\/2018\/06\/invest2018-300x75.jpg\" alt=\"\" width=\"708\" height=\"177\" srcset=\"https:\/\/www.coteauxdublanzacais.fr\/wp-content\/uploads\/2018\/06\/invest2018-300x75.jpg 300w, https:\/\/www.coteauxdublanzacais.fr\/wp-content\/uploads\/2018\/06\/invest2018-768x193.jpg 768w, https:\/\/www.coteauxdublanzacais.fr\/wp-content\/uploads\/2018\/06\/invest2018-1024x257.jpg 1024w, https:\/\/www.coteauxdublanzacais.fr\/wp-content\/uploads\/2018\/06\/invest2018-600x151.jpg 600w, https:\/\/www.coteauxdublanzacais.fr\/wp-content\/uploads\/2018\/06\/invest2018.jpg 1456w\" sizes=\"auto, (max-width: 708px) 100vw, 708px\" \/><\/span><\/strong><\/p>\n<p>&nbsp;<\/p>\n<p style=\"text-align: center;\"><strong>&nbsp;<\/strong><span style=\"font-family: Arial, Helvetica, sans-serif; font-size: 14pt; color: #0da843;\"><strong>Concr\u00e8tement comment est r\u00e9parti notre budget pour 100 \u20ac<\/strong><\/span><\/p>\n<p><strong>&nbsp;<img loading=\"lazy\" decoding=\"async\" class=\"wp-image-5764 aligncenter\" src=\"http:\/\/www.coteauxdublanzacais.fr\/wp-content\/uploads\/2018\/06\/100-EUROS-2018-300x155.png\" alt=\"\" width=\"652\" height=\"337\" srcset=\"https:\/\/www.coteauxdublanzacais.fr\/wp-content\/uploads\/2018\/06\/100-EUROS-2018-300x155.png 300w, https:\/\/www.coteauxdublanzacais.fr\/wp-content\/uploads\/2018\/06\/100-EUROS-2018-768x397.png 768w, https:\/\/www.coteauxdublanzacais.fr\/wp-content\/uploads\/2018\/06\/100-EUROS-2018-1024x529.png 1024w, https:\/\/www.coteauxdublanzacais.fr\/wp-content\/uploads\/2018\/06\/100-EUROS-2018-600x310.png 600w, https:\/\/www.coteauxdublanzacais.fr\/wp-content\/uploads\/2018\/06\/100-EUROS-2018.png 1423w\" sizes=\"auto, (max-width: 652px) 100vw, 652px\" \/><\/strong><\/p>\n<p><strong>&nbsp;<\/strong><\/p>\n<p>&nbsp;<\/p>\n<p style=\"text-align: center;\"><span style=\"font-family: Arial, Helvetica, sans-serif; font-size: 14pt; color: #0da843;\"><strong>Zoom sur les principaux travaux d\u2019investissement 2018<\/strong><\/span><\/p>\n<p><img loading=\"lazy\" decoding=\"async\" class=\" wp-image-5773 aligncenter\" src=\"http:\/\/www.coteauxdublanzacais.fr\/wp-content\/uploads\/2018\/06\/trvx-invest-2018-300x235.png\" alt=\"\" width=\"585\" height=\"458\" srcset=\"https:\/\/www.coteauxdublanzacais.fr\/wp-content\/uploads\/2018\/06\/trvx-invest-2018-300x235.png 300w, https:\/\/www.coteauxdublanzacais.fr\/wp-content\/uploads\/2018\/06\/trvx-invest-2018-600x469.png 600w, https:\/\/www.coteauxdublanzacais.fr\/wp-content\/uploads\/2018\/06\/trvx-invest-2018.png 716w\" sizes=\"auto, (max-width: 585px) 100vw, 585px\" \/><\/p>\n<p>&nbsp;<\/p>\n<p style=\"text-align: center;\"><span style=\"color: #0da843; font-family: Arial, Helvetica, sans-serif; font-size: 14pt;\"><strong>D\u00e9tail du programme de voirie 2018<\/strong><\/span><\/p>\n<p><img loading=\"lazy\" decoding=\"async\" class=\"alignnone wp-image-5767 aligncenter\" src=\"http:\/\/www.coteauxdublanzacais.fr\/wp-content\/uploads\/2018\/06\/voirie-2018-300x138.png\" alt=\"\" width=\"676\" height=\"311\" srcset=\"https:\/\/www.coteauxdublanzacais.fr\/wp-content\/uploads\/2018\/06\/voirie-2018-300x138.png 300w, https:\/\/www.coteauxdublanzacais.fr\/wp-content\/uploads\/2018\/06\/voirie-2018-600x277.png 600w, https:\/\/www.coteauxdublanzacais.fr\/wp-content\/uploads\/2018\/06\/voirie-2018.png 704w\" sizes=\"auto, (max-width: 676px) 100vw, 676px\" \/><\/p>\n<p>&nbsp;<\/p>\n<p style=\"text-align: left;\"><span style=\"color: #0da843;\"><strong>&nbsp;<\/strong><span style=\"font-family: Arial, Helvetica, sans-serif; font-size: 14pt;\"><strong>Les taxes locales<\/strong><\/span><\/span><\/p>\n<p style=\"text-align: left;\"><span style=\"font-family: Arial, Helvetica, sans-serif; font-size: 14pt;\">Le conseil municipal a d\u00e9cid\u00e9 de ne pas voter d&rsquo;augmentation du taux des taxes locales pour Blanzac-Porcheresse comme pour Cressac Saint Genis.<\/span><\/p>\n<p style=\"text-align: left;\"><span style=\"font-family: Arial, Helvetica, sans-serif; font-size: 14pt;\">A partir du 01\/01\/2018, un m\u00e9canisme de lissage des taux, sur une dur\u00e9e de 12 ans maximum, est mis en place par les services fiscaux pour les communes de Blanzac-Porcheresse et Cressac Saint Genis. Ce lissage est une convergence vers le taux cible (moyenne des taux actuels).<\/span><\/p>\n<p style=\"text-align: left;\"><strong><span style=\"font-size: 14pt; color: #0da843;\">Taxes 2018 pour les habitants de la Commune de Coteaux du Blanzacais<\/span><\/strong><\/p>\n<table id=\"tablepress-35\" class=\"tablepress tablepress-id-35\">\n<caption><a href=\"http:\/\/www.coteauxdublanzacais.fr\/wp-admin\/admin.php?page=tablepress&amp;action=edit&amp;table_id=35\">Modifier<\/a><\/caption>\n<tbody class=\"row-hover\">\n<tr class=\"row-1 odd\">\n<td class=\"column-1\"><span style=\"color: #0da843;\">Taxe<\/span><\/td>\n<td class=\"column-2\">\n<p style=\"text-align: center;\"><span style=\"color: #0da843;\">Taux moyens<\/span><\/p>\n<p style=\"text-align: center;\"><span style=\"color: #0da843;\">pond\u00e9r\u00e9s<\/span><\/p>\n<\/td>\n<td class=\"column-3\">\n<p style=\"text-align: center;\"><span style=\"color: #0da843;\">Taux 2018<\/span><\/p>\n<p style=\"text-align: center;\"><span style=\"color: #0da843;\">Cressac-Saint-Genis<\/span><\/p>\n<\/td>\n<td class=\"column-4\">\n<p style=\"text-align: center;\"><span style=\"color: #0da843;\">Taux 2018<\/span><\/p>\n<p style=\"text-align: center;\"><span style=\"color: #0da843;\">Blanzac-Porcheresse<\/span><\/p>\n<\/td>\n<\/tr>\n<tr class=\"row-2 even\">\n<td class=\"column-1\">Taxe d&rsquo;habitation<\/td>\n<td class=\"column-2\" style=\"text-align: center;\">8.51%<\/td>\n<td class=\"column-3\" style=\"text-align: center;\">6.78 %<\/td>\n<td class=\"column-4\" style=\"text-align: center;\">8.83%<\/td>\n<\/tr>\n<tr class=\"row-3 odd\">\n<td class=\"column-1\">Taxe Fonci\u00e8re B\u00e2tie<\/td>\n<td class=\"column-2\" style=\"text-align: center;\">17.45%<\/td>\n<td class=\"column-3\" style=\"text-align: center;\">15.29 %<\/td>\n<td class=\"column-4\" style=\"text-align: center;\">17.77%<\/td>\n<\/tr>\n<tr class=\"row-4 even\">\n<td class=\"column-1\" style=\"text-align: center;\">Taxe Fonci\u00e8re non b\u00e2tie<\/td>\n<td class=\"column-2\" style=\"text-align: center;\">24.82%<\/td>\n<td class=\"column-3\" style=\"text-align: center;\">24.21 %<\/td>\n<td class=\"column-4\" style=\"text-align: center;\">25.15%<\/td>\n<\/tr>\n<\/tbody>\n<\/table>\n<p>&nbsp;<\/p>\n<p style=\"text-align: center;\"><span style=\"color: #0da843; font-size: 14pt; font-family: Arial, Helvetica, sans-serif;\"><strong>Les Subventions aux associations<\/strong><\/span><\/p>\n<p><img loading=\"lazy\" decoding=\"async\" class=\"alignnone wp-image-5768 aligncenter\" src=\"http:\/\/www.coteauxdublanzacais.fr\/wp-content\/uploads\/2018\/06\/subventions-2018-124x300.png\" alt=\"\" width=\"579\" height=\"1401\" srcset=\"https:\/\/www.coteauxdublanzacais.fr\/wp-content\/uploads\/2018\/06\/subventions-2018-124x300.png 124w, https:\/\/www.coteauxdublanzacais.fr\/wp-content\/uploads\/2018\/06\/subventions-2018-423x1024.png 423w, https:\/\/www.coteauxdublanzacais.fr\/wp-content\/uploads\/2018\/06\/subventions-2018-600x1452.png 600w, https:\/\/www.coteauxdublanzacais.fr\/wp-content\/uploads\/2018\/06\/subventions-2018.png 721w\" sizes=\"auto, (max-width: 579px) 100vw, 579px\" \/><\/p>\n","protected":false},"excerpt":{"rendered":"<p>Budget Communal 2018 Le budget 2018 de la commune de Coteaux du Blanzacais, d\u2019un montant global de 2&nbsp;606&nbsp;912.67 euros, a \u00e9t\u00e9 vot\u00e9 le 08 mars 2018 avec pour objectif le maintien d&rsquo;une politique d\u2019investissements dynamique malgr\u00e9 la baisse des dotations<\/p>\n","protected":false},"author":4,"featured_media":0,"parent":0,"menu_order":0,"comment_status":"closed","ping_status":"closed","template":"","meta":{"ngg_post_thumbnail":0,"footnotes":""},"class_list":["post-5757","page","type-page","status-publish","hentry"],"_links":{"self":[{"href":"https:\/\/www.coteauxdublanzacais.fr\/index.php?rest_route=\/wp\/v2\/pages\/5757","targetHints":{"allow":["GET"]}}],"collection":[{"href":"https:\/\/www.coteauxdublanzacais.fr\/index.php?rest_route=\/wp\/v2\/pages"}],"about":[{"href":"https:\/\/www.coteauxdublanzacais.fr\/index.php?rest_route=\/wp\/v2\/types\/page"}],"author":[{"embeddable":true,"href":"https:\/\/www.coteauxdublanzacais.fr\/index.php?rest_route=\/wp\/v2\/users\/4"}],"replies":[{"embeddable":true,"href":"https:\/\/www.coteauxdublanzacais.fr\/index.php?rest_route=%2Fwp%2Fv2%2Fcomments&post=5757"}],"version-history":[{"count":16,"href":"https:\/\/www.coteauxdublanzacais.fr\/index.php?rest_route=\/wp\/v2\/pages\/5757\/revisions"}],"predecessor-version":[{"id":7564,"href":"https:\/\/www.coteauxdublanzacais.fr\/index.php?rest_route=\/wp\/v2\/pages\/5757\/revisions\/7564"}],"wp:attachment":[{"href":"https:\/\/www.coteauxdublanzacais.fr\/index.php?rest_route=%2Fwp%2Fv2%2Fmedia&parent=5757"}],"curies":[{"name":"wp","href":"https:\/\/api.w.org\/{rel}","templated":true}]}}